{"id":2,"date":"2020-01-09T12:43:31","date_gmt":"2020-01-09T12:43:31","guid":{"rendered":"http:\/\/alpchef.com.tr\/?page_id=2"},"modified":"2020-04-28T21:38:34","modified_gmt":"2020-04-28T21:38:34","slug":"banket-catering","status":"publish","type":"page","link":"http:\/\/alpchef.com.tr\/index.php\/banket-catering\/","title":{"rendered":"Banket&#038;Catering"},"content":{"rendered":"\r\n<blockquote class=\"wp-block-quote\">\r\n<p>Alp Chef Banket&amp;Catering<\/p>\r\n<\/blockquote>\r\n\r\n\r\n\r\n<p>Alp Chef Restaurant\u2019ta misafirleriniz i\u00e7in ayr\u0131lacak \u00f6zel alanlarda veya evinizin s\u0131cakl\u0131\u011f\u0131nda verece\u011finiz davetlerde hatta i\u015f yerinizde d\u00fczenleyece\u011finiz kurumsal davetlerde D\u00fcnya Mutfa\u011f\u0131\u2019ndan se\u00e7me lezzetlerimiz, alan\u0131nda tecr\u00fcbeli servis personelimiz ve \u015f\u0131k sunumlar\u0131m\u0131z ile yaln\u0131zca damaklara hitap etmek i\u00e7in de\u011fil kalplere de dokunmak i\u00e7in yan\u0131n\u0131zday\u0131z.<\/p>\r\n<p>Davetinizi hep birlikte tasarlamak ve farkl\u0131 alternatiflerimiz aras\u0131ndan size en uygun olan\u0131 se\u00e7mek i\u00e7in <a href=\"tel:4446881\">444 6 881<\/a> numaral\u0131 telefonumuzdan bize ula\u015fabilirsiniz.<\/p>\r\n\t<div class=\"pixcode  pixcode--grid  grid\" >\n\t\t\t<div class=\"grid__item six-twelfths palm-one-whole\" >\n\t\t\r\n<ul>\r\n<li>Kokteyl<\/li>\r\n<li>Kokteyl Prolonge (Kokteyl + A\u00e7\u0131k B\u00fcfe)<\/li>\r\n<li>Oturmal\u0131 Yemek ve Gala Men\u00fcleri<\/li>\r\n<li>Coffee Break<\/li>\r\n<li>Brunch ve Kahvalt\u0131<\/li>\r\n<li>BBQ ve Piknik Men\u00fcleri<\/li>\r\n<li>Finger Food<\/li>\r\n<li>Corner B\u00fcfe<\/li>\r\n<li>Light Lunch<\/li>\r\n<li>Flying Buffet<\/li>\r\n<\/ul>\r\n\t<\/div>\n\t<\/div>\n\r\n","protected":false},"excerpt":{"rendered":"<p>Alp Chef Banket&amp;Catering Alp Chef Restaurant\u2019ta misafirleriniz i\u00e7in ayr\u0131lacak \u00f6zel alanlarda veya evinizin s\u0131cakl\u0131\u011f\u0131nda verece\u011finiz davetlerde hatta i\u015f yerinizde d\u00fczenleyece\u011finiz kurumsal davetlerde D\u00fcnya Mutfa\u011f\u0131\u2019ndan se\u00e7me lezzetlerimiz, alan\u0131nda tecr\u00fcbeli servis personelimiz ve \u015f\u0131k sunumlar\u0131m\u0131z ile yaln\u0131zca damaklara hitap etmek i\u00e7in de\u011fil kalplere de dokunmak i\u00e7in yan\u0131n\u0131zday\u0131z. Davetinizi hep birlikte tasarlamak ve farkl\u0131 alternatiflerimiz aras\u0131ndan size en [&hellip;]<\/p>\n","protected":false},"author":1,"featured_media":903,"parent":0,"menu_order":0,"comment_status":"closed","ping_status":"open","template":"","meta":[],"_links":{"self":[{"href":"http:\/\/alpchef.com.tr\/index.php\/wp-json\/wp\/v2\/pages\/2"}],"collection":[{"href":"http:\/\/alpchef.com.tr\/index.php\/wp-json\/wp\/v2\/pages"}],"about":[{"href":"http:\/\/alpchef.com.tr\/index.php\/wp-json\/wp\/v2\/types\/page"}],"author":[{"embeddable":true,"href":"http:\/\/alpchef.com.tr\/index.php\/wp-json\/wp\/v2\/users\/1"}],"replies":[{"embeddable":true,"href":"http:\/\/alpchef.com.tr\/index.php\/wp-json\/wp\/v2\/comments?post=2"}],"version-history":[{"count":5,"href":"http:\/\/alpchef.com.tr\/index.php\/wp-json\/wp\/v2\/pages\/2\/revisions"}],"predecessor-version":[{"id":924,"href":"http:\/\/alpchef.com.tr\/index.php\/wp-json\/wp\/v2\/pages\/2\/revisions\/924"}],"wp:featuredmedia":[{"embeddable":true,"href":"http:\/\/alpchef.com.tr\/index.php\/wp-json\/wp\/v2\/media\/903"}],"wp:attachment":[{"href":"http:\/\/alpchef.com.tr\/index.php\/wp-json\/wp\/v2\/media?parent=2"}],"curies":[{"name":"wp","href":"https:\/\/api.w.org\/{rel}","templated":true}]}}