{"id":37,"date":"2014-05-30T12:07:17","date_gmt":"2014-05-30T12:07:17","guid":{"rendered":""},"modified":"2020-04-28T21:34:20","modified_gmt":"2020-04-28T21:34:20","slug":"toplanti","status":"publish","type":"page","link":"http:\/\/alpchef.com.tr\/index.php\/toplanti\/","title":{"rendered":"Toplant\u0131 Salonlar\u0131"},"content":{"rendered":"\t<div class=\"pixcode  pixcode--grid  grid\" >\n\t\t\t<div class=\"grid__item six-twelfths palm-one-whole\" >\n\t\t\n<h3>Rezervasyon&amp;Detayl\u0131 Bilgi<\/h3>\n<p>Toplant\u0131 odas\u0131 rezervasyonlar\u0131n\u0131z ve toplant\u0131 odalar\u0131m\u0131z hakk\u0131nda detayl\u0131 bilgi i\u00e7in; haftan\u0131n 7 g\u00fcn\u00fc 09:00-00:00 saatleri aras\u0131nda bize ula\u015fabilirsiniz.<\/p>\n<p>Toplant\u0131 odas\u0131 kullan\u0131mlar\u0131n\u0131zda projeksiyon cihazlar\u0131m\u0131zdan \u00fccretsiz yararlanabilirsiniz.<\/p>\n\t<\/div>\n\t<div class=\"grid__item six-twelfths palm-one-whole\" >\n\t\t\n<h3>\u00d6zel Yemekler &amp; Davetler<\/h3>\n<p>15-50 ki\u015fiye kadar kapasitesi ile \u00f6zel yemek salonumuzda ister bir kutlama isterseniz de \u00f6zel misafirlerinizi a\u011f\u0131rlayabilece\u011finiz ho\u015f sohbetlerin e\u015flik etti\u011fi bir yemek&#8230; Alp Chef&#8217;in e\u015fsiz sunumlar\u0131 ile misafirleriniz unutulmaz an\u0131lar biriktirecekler&#8230;<\/p>\n<p>&nbsp;<\/p>\n\t<\/div>\n\t<\/div>\n\n<p>&nbsp;<\/p>\n<hr class=\"pixcode  pixcode--separator  separator\"\/>\n\n\t<div class=\"pixcode  pixcode--grid  grid\" >\n\t\t\t<div class=\"island grid__item six-twelfths palm-one-whole\" >\n\t\t\n<hgroup class=\"pixcode  pixcode--heading article__headline\">\n\t<h2 class=\"headline__secondary\"><span class=\"first-letter\">D<\/span>avetlere \u00d6zel<\/h2>\n\t<h1 class=\"headline__primary\">Dede Korkut<\/h1>\n<\/hgroup>\n<div class=\"pixcode  pixcode--separator  separator separator--flower separator_color--dark\">&#10043;<\/div>\n\n<p style=\"text-align: center;\">Dede Korkut Salonumuz; 85 Ki\u015fi kapasiteli olup ferah alanlar\u0131 ile misafirlerinizin keyifli vakit ge\u00e7irmeleri i\u00e7in tasarlanm\u0131\u015ft\u0131r.<\/p>\n<p style=\"text-align: center;\"><strong>85 Ki\u015filik<\/strong><\/p>\n\t<\/div>\n\t<div class=\"grid__item six-twelfths palm-one-whole\" >\n\t\t<img loading=\"lazy\" class=\"alignnone wp-image-50 size-full\" src=\"http:\/\/alpchef.com.tr\/wp-content\/uploads\/2020\/01\/dede-korkut.png\" alt=\"alp chef toplant\u0131 salonu toplu yemek organizasyon\" width=\"800\" height=\"533\" \/>\t<\/div>\n\t<\/div>\n\n<p>&nbsp;<\/p>\n<p>&nbsp;<\/p>\n\t<div class=\"pixcode  pixcode--grid  grid\" >\n\t\t\t<div class=\"grid__item six-twelfths palm-one-whole\" >\n\t\t\n<p><img loading=\"lazy\" class=\"wp-image-54 size-full\" src=\"http:\/\/alpchef.com.tr\/wp-content\/uploads\/2020\/01\/oguz-kagan.png\" alt=\"\u00a9 TheHawksMoor.com\" width=\"800\" height=\"534\" \/><\/p>\n\t<\/div>\n\t<div class=\"island grid__item six-twelfths palm-one-whole\" >\n\t\t\n<hgroup class=\"pixcode  pixcode--heading article__headline\">\n\t<h2 class=\"headline__secondary\"><span class=\"first-letter\">T<\/span>oplant\u0131<\/h2>\n\t<h1 class=\"headline__primary\">O\u011fuz Ka\u011fan<\/h1>\n<\/hgroup>\n<div class=\"pixcode  pixcode--separator  separator separator--flower separator_color--dark\">&#10043;<\/div>\n\n<p>O\u011fuz Ka\u011fan Salonumuz; U d\u00fczende 55, Sinema d\u00fczeninde 70 Ki\u015fi kapasiteli olup projeksiyon cihaz\u0131 ve k\u00fcrs\u00fcs\u00fc ile toplant\u0131 ihtiya\u00e7lar\u0131n\u0131z i\u00e7in tasarlanm\u0131\u015ft\u0131r.<\/p>\n<p style=\"text-align: center;\"><strong>55-70 Ki\u015filik<\/strong><\/p>\n<p>&nbsp;<\/p>\n<p>&nbsp;<\/p>\n<p>&nbsp;<\/p>\n\t<\/div>\n\t<\/div>\n\n<p>&nbsp;<\/p>\n\t<div class=\"pixcode  pixcode--grid  grid\" >\n\t\t\t<div class=\"grid__item six-twelfths palm-one-whole\" >\n\t\t\n<hgroup class=\"pixcode  pixcode--heading article__headline\">\n\t<h2 class=\"headline__secondary\"><span class=\"first-letter\">T<\/span>oplant\u0131<\/h2>\n\t<h1 class=\"headline__primary\">Bilge Ka\u011fan<\/h1>\n<\/hgroup>\n<div class=\"pixcode  pixcode--separator  separator separator--flower separator_color--dark\">&#10043;<\/div>\n\n<p>Bilge Ka\u011fan Salonumuz; U d\u00fczende 35, Sinema d\u00fczeninde 40 Ki\u015fi kapasiteli olup projeksiyon cihaz\u0131 ve k\u00fcrs\u00fcs\u00fc ile toplant\u0131 ihtiya\u00e7lar\u0131n\u0131z i\u00e7in tasarlanm\u0131\u015ft\u0131r.<\/p>\n<p style=\"text-align: center;\"><strong>35-40 Ki\u015filik<\/strong><\/p>\n\t<\/div>\n\t<div class=\"grid__item six-twelfths palm-one-whole\" >\n\t\t<img loading=\"lazy\" class=\"wp-image-54 size-full\" src=\"http:\/\/alpchef.com.tr\/wp-content\/uploads\/2020\/01\/bilge-kagan.png\" alt=\"\u00a9 TheHawksMoor.com\" width=\"800\" height=\"534\" \/><br \/>\n\t<\/div>\n\t<\/div>\n\n<p>&nbsp;<\/p>\n<p>&nbsp;<\/p>\n\t<div class=\"pixcode  pixcode--grid  grid\" >\n\t\t\t<div class=\"promo-box grid__item one-whole palm-one-whole\" >\n\t\t<div class=\"promo-box__container\">\n<h4 style=\"text-align: center;\">Toplant\u0131 salonlar\u0131m\u0131z\u0131n ortak \u00f6zellikleri<\/h4>\n<p style=\"text-align: center;\">\u00d6zel yemek ve toplant\u0131 salonlar\u0131m\u0131z ferah ve keyifli lobisi, mescit ve s\u0131cak servis bar\u0131 alanlar\u0131na sahip olup \u00fccretsiz portmanto hizmetimiz bulunmaktad\u0131r.<br \/>\nDetayl\u0131 bilgi ve rezervasyonlar\u0131n\u0131z i\u00e7in\u00a0 444 6 881 numaral\u0131 telefonumuzdan ula\u015fabilirsiniz.<\/p>\n<\/div>\t<\/div>\n\n\t<\/div>\n\n<p>&nbsp;<\/p>\n","protected":false},"excerpt":{"rendered":"<p>&nbsp; &nbsp; &nbsp; &nbsp; &nbsp; &nbsp; &nbsp;<\/p>\n","protected":false},"author":1,"featured_media":798,"parent":0,"menu_order":0,"comment_status":"closed","ping_status":"closed","template":"","meta":[],"_links":{"self":[{"href":"http:\/\/alpchef.com.tr\/index.php\/wp-json\/wp\/v2\/pages\/37"}],"collection":[{"href":"http:\/\/alpchef.com.tr\/index.php\/wp-json\/wp\/v2\/pages"}],"about":[{"href":"http:\/\/alpchef.com.tr\/index.php\/wp-json\/wp\/v2\/types\/page"}],"author":[{"embeddable":true,"href":"http:\/\/alpchef.com.tr\/index.php\/wp-json\/wp\/v2\/users\/1"}],"replies":[{"embeddable":true,"href":"http:\/\/alpchef.com.tr\/index.php\/wp-json\/wp\/v2\/comments?post=37"}],"version-history":[{"count":18,"href":"http:\/\/alpchef.com.tr\/index.php\/wp-json\/wp\/v2\/pages\/37\/revisions"}],"predecessor-version":[{"id":923,"href":"http:\/\/alpchef.com.tr\/index.php\/wp-json\/wp\/v2\/pages\/37\/revisions\/923"}],"wp:featuredmedia":[{"embeddable":true,"href":"http:\/\/alpchef.com.tr\/index.php\/wp-json\/wp\/v2\/media\/798"}],"wp:attachment":[{"href":"http:\/\/alpchef.com.tr\/index.php\/wp-json\/wp\/v2\/media?parent=37"}],"curies":[{"name":"wp","href":"https:\/\/api.w.org\/{rel}","templated":true}]}}