{"id":69,"date":"2014-05-30T12:39:03","date_gmt":"2014-05-30T12:39:03","guid":{"rendered":""},"modified":"2022-01-19T09:24:07","modified_gmt":"2022-01-19T09:24:07","slug":"menu","status":"publish","type":"page","link":"http:\/\/alpchef.com.tr\/index.php\/menu\/","title":{"rendered":"Hakk\u0131m\u0131zda"},"content":{"rendered":"\t<div class=\"pixcode  pixcode--grid  grid\" >\n\t\t\t<div class=\"grid__item six-twelfths palm-one-whole\" >\n\t\t\n<p><em><strong>D\u00fcnya&#8217;n\u0131n Lezzeti&#8230;<\/strong><\/em><\/p>\n<p>Y\u0131llard\u0131r kalite standartlar\u0131n\u0131n \u00e7ok \u00fczerinde bir anlay\u0131\u015fla hizmet veren Petek Pastanesi, Alper Tunga Y\u00fccel&#8217;in mutfak \u015fefli\u011fini yapt\u0131\u011f\u0131 Alp Chef markas\u0131 ile mutfa\u011f\u0131n\u0131 geni\u015fleterek bir D\u00fcnya Mutfa\u011f\u0131&#8217;na d\u00f6n\u00fc\u015ft\u00fcrd\u00fc.<\/p>\n<p><em>Lezzette ve keyifte hep birlikte olmak dile\u011fi ile&#8230;<\/em><\/p>\n<p><a href=\"http:\/\/menu.alpchef.com.tr\" target=\"_blank\" rel=\"noopener\">Men\u00fcm\u00fcz\u00fc incelemek i\u00e7in l\u00fctfen t\u0131klay\u0131n\u0131z.<\/a><\/p>\n\t<\/div>\n\t<div class=\"grid__item six-twelfths palm-one-whole\" >\n\t\t<b><\/b><\/p>\n<p>&nbsp;<\/p>\n<p>&nbsp;<\/p>\n<p><b><i>Markalar\u0131m\u0131z;<\/i><\/b><\/p>\n<p><a href=\"http:\/\/www.petekcikolata.com\/index.php\" target=\"_blank\" rel=\"noopener noreferrer\">Petek Pastanesi<\/a><\/p>\n<p><a href=\"http:\/\/www.petekcikolata.com\/index.php\" target=\"_blank\" rel=\"noopener noreferrer\">Petek Butik \u00c7ikolata<\/a><\/p>\n<p><a href=\"http:\/\/www.petekcikolata.com\/index.php\" target=\"_blank\" rel=\"noopener noreferrer\">Alp Chef<br \/>\n<\/a><\/p>\n<p>&nbsp;<\/p>\n<p>&nbsp;<\/p>\n\t<\/div>\n\t<\/div>\n\n<p>&nbsp;<\/p>\n","protected":false},"excerpt":{"rendered":"<p>&nbsp;<\/p>\n","protected":false},"author":1,"featured_media":900,"parent":0,"menu_order":0,"comment_status":"closed","ping_status":"closed","template":"","meta":[],"_links":{"self":[{"href":"http:\/\/alpchef.com.tr\/index.php\/wp-json\/wp\/v2\/pages\/69"}],"collection":[{"href":"http:\/\/alpchef.com.tr\/index.php\/wp-json\/wp\/v2\/pages"}],"about":[{"href":"http:\/\/alpchef.com.tr\/index.php\/wp-json\/wp\/v2\/types\/page"}],"author":[{"embeddable":true,"href":"http:\/\/alpchef.com.tr\/index.php\/wp-json\/wp\/v2\/users\/1"}],"replies":[{"embeddable":true,"href":"http:\/\/alpchef.com.tr\/index.php\/wp-json\/wp\/v2\/comments?post=69"}],"version-history":[{"count":42,"href":"http:\/\/alpchef.com.tr\/index.php\/wp-json\/wp\/v2\/pages\/69\/revisions"}],"predecessor-version":[{"id":1128,"href":"http:\/\/alpchef.com.tr\/index.php\/wp-json\/wp\/v2\/pages\/69\/revisions\/1128"}],"wp:featuredmedia":[{"embeddable":true,"href":"http:\/\/alpchef.com.tr\/index.php\/wp-json\/wp\/v2\/media\/900"}],"wp:attachment":[{"href":"http:\/\/alpchef.com.tr\/index.php\/wp-json\/wp\/v2\/media?parent=69"}],"curies":[{"name":"wp","href":"https:\/\/api.w.org\/{rel}","templated":true}]}}